{"id":7406,"date":"2020-03-04T23:02:38","date_gmt":"2020-03-05T02:02:38","guid":{"rendered":"https:\/\/www.uplayamerica.com\/?page_id=7406"},"modified":"2025-01-02T15:05:11","modified_gmt":"2025-01-02T18:05:11","slug":"politica-de-privacidad","status":"publish","type":"page","link":"https:\/\/www.uplayamerica.com\/es\/politica-de-privacidad\/","title":{"rendered":"Pol\u00edtica de Privacidad"},"content":{"rendered":"<div class=\"wpb-content-wrapper\"><p>[vc_row wrap_container=\u00bbyes\u00bb css=\u00bb.vc_custom_1722864270746{background-position: center !important;background-repeat: no-repeat !important;background-size: contain !important;}\u00bb el_class=\u00bbsec-res\u00bb conditional_render=\u00bb%5B%7B%22value_role%22%3A%22administrator%22%7D%5D\u00bb][vc_column][vc_custom_heading text=\u00bbPol\u00edtica <strong>de Privacidad<\/strong>\u00bb use_theme_fonts=\u00bbyes\u00bb css=\u00bb.vc_custom_1735841065846{padding-bottom: 20px !important;}\u00bb font_weight=\u00bb400&#8243;][vc_column_text css=\u00bb.vc_custom_1735841101430{margin-bottom: 0px !important;}\u00bb]<strong>Pol\u00edtica de Privacidad de UPlay America, LLC<\/strong><\/p>\n<p>UPlay America, LLC (\u201cnosotros\u201d, \u201cnos\u201d o \u201cnuestro\u201d) opera el sitio web <a href=\"https:\/\/www.uplayamerica.com\/\">www.uplayamerica.com<\/a>. Esta p\u00e1gina tiene como objetivo informarle sobre nuestras pol\u00edticas respecto a la recopilaci\u00f3n, uso y divulgaci\u00f3n de la Informaci\u00f3n Personal que recibimos de los usuarios del sitio.<\/p>\n<p>Utilizamos su Informaci\u00f3n Personal solo para proporcionar y mejorar el sitio. Al utilizar el sitio, usted acepta la recopilaci\u00f3n y el uso de la informaci\u00f3n de acuerdo con esta pol\u00edtica.<\/p>\n<p><strong>Recopilaci\u00f3n y Uso de Informaci\u00f3n<\/strong><\/p>\n<p>Mientras utiliza nuestro sitio, podemos pedirle que nos proporcione cierta informaci\u00f3n personalmente identificable que se pueda utilizar para contactarlo o identificarlo. La informaci\u00f3n personal identificable puede incluir, pero no se limita a, su nombre, correo electr\u00f3nico y n\u00famero de tel\u00e9fono (\u201cInformaci\u00f3n Personal\u201d).<\/p>\n<p><strong>Datos de Registro<\/strong><\/p>\n<p>Como muchos operadores de sitios, recopilamos informaci\u00f3n que su navegador env\u00eda cada vez que visita nuestro sitio (\u201cDatos de Registro\u201d).<\/p>\n<p>Estos Datos de Registro pueden incluir informaci\u00f3n como la direcci\u00f3n de Protocolo de Internet (\u201cIP\u201d) de su computadora, el tipo de navegador, la versi\u00f3n del navegador, las p\u00e1ginas de nuestro sitio que visita, la hora y fecha de su visita, el tiempo pasado en esas p\u00e1ginas, ubicaci\u00f3n geogr\u00e1fica y otras estad\u00edsticas.<\/p>\n<p>Adem\u00e1s, podemos utilizar servicios de terceros como Google Analytics que recopilan, monitorean y analizan estos datos.<\/p>\n<p><strong>Comunicaciones<\/strong><\/p>\n<p>Podemos utilizar su Informaci\u00f3n Personal para contactarlo con boletines, materiales de marketing o promocionales y otra informaci\u00f3n relevante para el sitio.<\/p>\n<p><strong>Cookies<\/strong><\/p>\n<p>Las cookies son archivos con una peque\u00f1a cantidad de datos, que pueden incluir un identificador \u00fanico an\u00f3nimo. Las cookies se env\u00edan a su navegador desde un sitio web y se almacenan en el disco duro de su computadora.<\/p>\n<p>Como muchos sitios, usamos \u201ccookies\u201d para recopilar informaci\u00f3n. Usted puede instruir a su navegador para que rechace todas las cookies o le indique cu\u00e1ndo se est\u00e1 enviando una cookie. Sin embargo, si no acepta las cookies, es posible que no pueda utilizar algunas secciones de nuestro sitio. Vea nuestra p\u00e1gina de Pol\u00edtica de Cookies &gt;<\/p>\n<p><strong>Seguridad<\/strong><\/p>\n<p>La seguridad de su Informaci\u00f3n Personal es importante para nosotros, pero recuerde que ning\u00fan m\u00e9todo de transmisi\u00f3n a trav\u00e9s de Internet, ni m\u00e9todo de almacenamiento electr\u00f3nico, es 100% seguro. Si bien nos esforzamos por usar medios comercialmente aceptables para proteger su Informaci\u00f3n Personal, no podemos garantizar su seguridad absoluta.<\/p>\n<p><strong>Contenido Integrado de Otros Sitios Web<\/strong><\/p>\n<p>Los art\u00edculos en este sitio pueden incluir contenido incrustado (por ejemplo, videos, im\u00e1genes, art\u00edculos, etc.). El contenido incrustado de otros sitios web se comporta de la misma manera que si el visitante hubiera visitado el otro sitio web.<\/p>\n<p>Estos sitios web pueden recopilar datos sobre usted, usar cookies, incrustar un seguimiento de terceros adicional y monitorear su interacci\u00f3n con ese contenido incrustado, incluyendo el seguimiento de su interacci\u00f3n con el contenido incrustado si tiene una cuenta y est\u00e1 conectado a ese sitio web.<\/p>\n<p><strong>Cambios en Esta Pol\u00edtica de Privacidad<\/strong><\/p>\n<p>Esta Pol\u00edtica de Privacidad es efectiva inmediatamente y permanecer\u00e1 en efecto, salvo cualquier cambio en sus disposiciones en el futuro, que ser\u00e1 efectivo inmediatamente despu\u00e9s de ser publicado en esta p\u00e1gina.<\/p>\n<p>Nos reservamos el derecho de actualizar o modificar nuestra Pol\u00edtica de Privacidad en cualquier momento y debe revisar esta Pol\u00edtica de Privacidad peri\u00f3dicamente. Su uso continuo del Servicio despu\u00e9s de que publiquemos cualquier modificaci\u00f3n en la Pol\u00edtica de Privacidad en esta p\u00e1gina constituir\u00e1 su reconocimiento de las modificaciones y su consentimiento para cumplir y estar sujeto a la Pol\u00edtica de Privacidad modificada.<\/p>\n<p><strong>Cont\u00e1ctenos<\/strong><\/p>\n<p>Si tiene alguna pregunta sobre esta Pol\u00edtica de Privacidad, por favor cont\u00e1ctenos.[\/vc_column_text][\/vc_column][\/vc_row]<\/p>\n<\/div>","protected":false},"excerpt":{"rendered":"<p>[vc_row wrap_container=\u00bbyes\u00bb css=\u00bb.vc_custom_1722864270746{background-position: center !important;background-repeat: no-repeat !important;background-size: contain !important;}\u00bb el_class=\u00bbsec-res\u00bb conditional_render=\u00bb%5B%7B%22value_role%22%3A%22administrator%22%7D%5D\u00bb][vc_column][vc_custom_heading text=\u00bbPol\u00edtica de Privacidad\u00bb use_theme_fonts=\u00bbyes\u00bb css=\u00bb.vc_custom_1735841065846{padding-bottom: 20px !important;}\u00bb font_weight=\u00bb400&#8243;][vc_column_text css=\u00bb.vc_custom_1735841101430{margin-bottom: 0px !important;}\u00bb]Pol\u00edtica de Privacidad de UPlay America, LLC UPlay America, LLC (\u201cnosotros\u201d, \u201cnos\u201d o \u201cnuestro\u201d) opera el sitio web www.uplayamerica.com. Esta p\u00e1gina tiene como objetivo informarle sobre nuestras pol\u00edticas respecto a la recopilaci\u00f3n, uso y [&hellip;]<\/p>\n","protected":false},"author":1,"featured_media":0,"parent":0,"menu_order":0,"comment_status":"closed","ping_status":"closed","template":"","meta":{"_joinchat":[],"footnotes":""},"class_list":["post-7406","page","type-page","status-publish","hentry"],"yoast_head":"<!-- This site is optimized with the Yoast SEO Premium plugin v26.2 (Yoast SEO v27.4) - https:\/\/yoast.com\/product\/yoast-seo-premium-wordpress\/ -->\n<title>Pol\u00edtica de Privacidad - Uplay America<\/title>\n<meta name=\"robots\" content=\"index, follow, max-snippet:-1, max-image-preview:large, max-video-preview:-1\" \/>\n<link rel=\"canonical\" href=\"https:\/\/www.uplayamerica.com\/es\/politica-de-privacidad\/\" \/>\n<meta property=\"og:type\" content=\"article\" \/>\n<meta property=\"og:title\" content=\"Pol\u00edtica de Privacidad\" \/>\n<meta property=\"og:description\" content=\"[vc_row wrap_container=\u00bbyes\u00bb css=\u00bb.vc_custom_1722864270746{background-position: center !important;background-repeat: no-repeat !important;background-size: contain !important;}\u00bb el_class=\u00bbsec-res\u00bb conditional_render=\u00bb%5B%7B%22value_role%22%3A%22administrator%22%7D%5D\u00bb][vc_column][vc_custom_heading text=\u00bbPol\u00edtica de Privacidad\u00bb use_theme_fonts=\u00bbyes\u00bb css=\u00bb.vc_custom_1735841065846{padding-bottom: 20px !important;}\u00bb font_weight=\u00bb400&#8243;][vc_column_text css=\u00bb.vc_custom_1735841101430{margin-bottom: 0px !important;}\u00bb]Pol\u00edtica de Privacidad de UPlay America, LLC UPlay America, LLC (\u201cnosotros\u201d, \u201cnos\u201d o \u201cnuestro\u201d) opera el sitio web www.uplayamerica.com. Esta p\u00e1gina tiene como objetivo informarle sobre nuestras pol\u00edticas respecto a la recopilaci\u00f3n, uso y [&hellip;]\" \/>\n<meta property=\"og:url\" content=\"https:\/\/www.uplayamerica.com\/es\/politica-de-privacidad\/\" \/>\n<meta property=\"og:site_name\" content=\"Uplay America\" \/>\n<meta property=\"article:publisher\" content=\"https:\/\/www.facebook.com\/UPlayAmerica\" \/>\n<meta property=\"article:modified_time\" content=\"2025-01-02T18:05:11+00:00\" \/>\n<meta property=\"og:image\" content=\"https:\/\/www.uplayamerica.com\/wp-content\/uploads\/2025\/12\/banner-home2-1.webp\" \/>\n\t<meta property=\"og:image:width\" content=\"1900\" \/>\n\t<meta property=\"og:image:height\" content=\"1000\" \/>\n\t<meta property=\"og:image:type\" content=\"image\/webp\" \/>\n<meta name=\"twitter:card\" content=\"summary_large_image\" \/>\n<meta name=\"twitter:label1\" content=\"Tiempo de lectura\" \/>\n\t<meta name=\"twitter:data1\" content=\"3 minutos\" \/>\n<script type=\"application\/ld+json\" class=\"yoast-schema-graph\">{\"@context\":\"https:\\\/\\\/schema.org\",\"@graph\":[{\"@type\":\"WebPage\",\"@id\":\"https:\\\/\\\/www.uplayamerica.com\\\/es\\\/politica-de-privacidad\\\/\",\"url\":\"https:\\\/\\\/www.uplayamerica.com\\\/es\\\/politica-de-privacidad\\\/\",\"name\":\"Pol\u00edtica de Privacidad - Uplay America\",\"isPartOf\":{\"@id\":\"https:\\\/\\\/www.uplayamerica.com\\\/#website\"},\"datePublished\":\"2020-03-05T02:02:38+00:00\",\"dateModified\":\"2025-01-02T18:05:11+00:00\",\"breadcrumb\":{\"@id\":\"https:\\\/\\\/www.uplayamerica.com\\\/es\\\/politica-de-privacidad\\\/#breadcrumb\"},\"inLanguage\":\"es\",\"potentialAction\":[{\"@type\":\"ReadAction\",\"target\":[\"https:\\\/\\\/www.uplayamerica.com\\\/es\\\/politica-de-privacidad\\\/\"]}]},{\"@type\":\"BreadcrumbList\",\"@id\":\"https:\\\/\\\/www.uplayamerica.com\\\/es\\\/politica-de-privacidad\\\/#breadcrumb\",\"itemListElement\":[{\"@type\":\"ListItem\",\"position\":1,\"name\":\"Home\",\"item\":\"https:\\\/\\\/www.uplayamerica.com\\\/es\\\/\"},{\"@type\":\"ListItem\",\"position\":2,\"name\":\"Pol\u00edtica de Privacidad\"}]},{\"@type\":\"WebSite\",\"@id\":\"https:\\\/\\\/www.uplayamerica.com\\\/#website\",\"url\":\"https:\\\/\\\/www.uplayamerica.com\\\/\",\"name\":\"Uplay America\",\"description\":\"Bocher Machines\",\"publisher\":{\"@id\":\"https:\\\/\\\/www.uplayamerica.com\\\/#organization\"},\"potentialAction\":[{\"@type\":\"SearchAction\",\"target\":{\"@type\":\"EntryPoint\",\"urlTemplate\":\"https:\\\/\\\/www.uplayamerica.com\\\/?s={search_term_string}\"},\"query-input\":{\"@type\":\"PropertyValueSpecification\",\"valueRequired\":true,\"valueName\":\"search_term_string\"}}],\"inLanguage\":\"es\"},{\"@type\":\"Organization\",\"@id\":\"https:\\\/\\\/www.uplayamerica.com\\\/#organization\",\"name\":\"Uplay America\",\"url\":\"https:\\\/\\\/www.uplayamerica.com\\\/\",\"logo\":{\"@type\":\"ImageObject\",\"inLanguage\":\"es\",\"@id\":\"https:\\\/\\\/www.uplayamerica.com\\\/#\\\/schema\\\/logo\\\/image\\\/\",\"url\":\"https:\\\/\\\/www.uplayamerica.com\\\/wp-content\\\/uploads\\\/2020\\\/08\\\/logo-boxer-1.webp\",\"contentUrl\":\"https:\\\/\\\/www.uplayamerica.com\\\/wp-content\\\/uploads\\\/2020\\\/08\\\/logo-boxer-1.webp\",\"width\":200,\"height\":114,\"caption\":\"Uplay America\"},\"image\":{\"@id\":\"https:\\\/\\\/www.uplayamerica.com\\\/#\\\/schema\\\/logo\\\/image\\\/\"},\"sameAs\":[\"https:\\\/\\\/www.facebook.com\\\/UPlayAmerica\",\"https:\\\/\\\/www.instagram.com\\\/uplayamerica\",\"https:\\\/\\\/www.youtube.com\\\/@uplayamericaboxermachines\"]}]}<\/script>\n<!-- \/ Yoast SEO Premium plugin. -->","yoast_head_json":{"title":"Pol\u00edtica de Privacidad - Uplay America","robots":{"index":"index","follow":"follow","max-snippet":"max-snippet:-1","max-image-preview":"max-image-preview:large","max-video-preview":"max-video-preview:-1"},"canonical":"https:\/\/www.uplayamerica.com\/es\/politica-de-privacidad\/","og_type":"article","og_title":"Pol\u00edtica de Privacidad","og_description":"[vc_row wrap_container=\u00bbyes\u00bb css=\u00bb.vc_custom_1722864270746{background-position: center !important;background-repeat: no-repeat !important;background-size: contain !important;}\u00bb el_class=\u00bbsec-res\u00bb conditional_render=\u00bb%5B%7B%22value_role%22%3A%22administrator%22%7D%5D\u00bb][vc_column][vc_custom_heading text=\u00bbPol\u00edtica de Privacidad\u00bb use_theme_fonts=\u00bbyes\u00bb css=\u00bb.vc_custom_1735841065846{padding-bottom: 20px !important;}\u00bb font_weight=\u00bb400&#8243;][vc_column_text css=\u00bb.vc_custom_1735841101430{margin-bottom: 0px !important;}\u00bb]Pol\u00edtica de Privacidad de UPlay America, LLC UPlay America, LLC (\u201cnosotros\u201d, \u201cnos\u201d o \u201cnuestro\u201d) opera el sitio web www.uplayamerica.com. Esta p\u00e1gina tiene como objetivo informarle sobre nuestras pol\u00edticas respecto a la recopilaci\u00f3n, uso y [&hellip;]","og_url":"https:\/\/www.uplayamerica.com\/es\/politica-de-privacidad\/","og_site_name":"Uplay America","article_publisher":"https:\/\/www.facebook.com\/UPlayAmerica","article_modified_time":"2025-01-02T18:05:11+00:00","og_image":[{"width":1900,"height":1000,"url":"https:\/\/www.uplayamerica.com\/wp-content\/uploads\/2025\/12\/banner-home2-1.webp","type":"image\/webp"}],"twitter_card":"summary_large_image","twitter_misc":{"Tiempo de lectura":"3 minutos"},"schema":{"@context":"https:\/\/schema.org","@graph":[{"@type":"WebPage","@id":"https:\/\/www.uplayamerica.com\/es\/politica-de-privacidad\/","url":"https:\/\/www.uplayamerica.com\/es\/politica-de-privacidad\/","name":"Pol\u00edtica de Privacidad - Uplay America","isPartOf":{"@id":"https:\/\/www.uplayamerica.com\/#website"},"datePublished":"2020-03-05T02:02:38+00:00","dateModified":"2025-01-02T18:05:11+00:00","breadcrumb":{"@id":"https:\/\/www.uplayamerica.com\/es\/politica-de-privacidad\/#breadcrumb"},"inLanguage":"es","potentialAction":[{"@type":"ReadAction","target":["https:\/\/www.uplayamerica.com\/es\/politica-de-privacidad\/"]}]},{"@type":"BreadcrumbList","@id":"https:\/\/www.uplayamerica.com\/es\/politica-de-privacidad\/#breadcrumb","itemListElement":[{"@type":"ListItem","position":1,"name":"Home","item":"https:\/\/www.uplayamerica.com\/es\/"},{"@type":"ListItem","position":2,"name":"Pol\u00edtica de Privacidad"}]},{"@type":"WebSite","@id":"https:\/\/www.uplayamerica.com\/#website","url":"https:\/\/www.uplayamerica.com\/","name":"Uplay America","description":"Bocher Machines","publisher":{"@id":"https:\/\/www.uplayamerica.com\/#organization"},"potentialAction":[{"@type":"SearchAction","target":{"@type":"EntryPoint","urlTemplate":"https:\/\/www.uplayamerica.com\/?s={search_term_string}"},"query-input":{"@type":"PropertyValueSpecification","valueRequired":true,"valueName":"search_term_string"}}],"inLanguage":"es"},{"@type":"Organization","@id":"https:\/\/www.uplayamerica.com\/#organization","name":"Uplay America","url":"https:\/\/www.uplayamerica.com\/","logo":{"@type":"ImageObject","inLanguage":"es","@id":"https:\/\/www.uplayamerica.com\/#\/schema\/logo\/image\/","url":"https:\/\/www.uplayamerica.com\/wp-content\/uploads\/2020\/08\/logo-boxer-1.webp","contentUrl":"https:\/\/www.uplayamerica.com\/wp-content\/uploads\/2020\/08\/logo-boxer-1.webp","width":200,"height":114,"caption":"Uplay America"},"image":{"@id":"https:\/\/www.uplayamerica.com\/#\/schema\/logo\/image\/"},"sameAs":["https:\/\/www.facebook.com\/UPlayAmerica","https:\/\/www.instagram.com\/uplayamerica","https:\/\/www.youtube.com\/@uplayamericaboxermachines"]}]}},"_links":{"self":[{"href":"https:\/\/www.uplayamerica.com\/es\/wp-json\/wp\/v2\/pages\/7406","targetHints":{"allow":["GET"]}}],"collection":[{"href":"https:\/\/www.uplayamerica.com\/es\/wp-json\/wp\/v2\/pages"}],"about":[{"href":"https:\/\/www.uplayamerica.com\/es\/wp-json\/wp\/v2\/types\/page"}],"author":[{"embeddable":true,"href":"https:\/\/www.uplayamerica.com\/es\/wp-json\/wp\/v2\/users\/1"}],"replies":[{"embeddable":true,"href":"https:\/\/www.uplayamerica.com\/es\/wp-json\/wp\/v2\/comments?post=7406"}],"version-history":[{"count":0,"href":"https:\/\/www.uplayamerica.com\/es\/wp-json\/wp\/v2\/pages\/7406\/revisions"}],"wp:attachment":[{"href":"https:\/\/www.uplayamerica.com\/es\/wp-json\/wp\/v2\/media?parent=7406"}],"curies":[{"name":"wp","href":"https:\/\/api.w.org\/{rel}","templated":true}]}}